{"id":4249,"date":"2020-07-29T08:51:38","date_gmt":"2020-07-29T08:51:38","guid":{"rendered":"http:\/\/wpdemo.archiwp.com\/theratio\/?page_id=4249"},"modified":"2026-04-15T14:51:21","modified_gmt":"2026-04-15T14:51:21","slug":"portfolio-grid-masonry","status":"publish","type":"page","link":"https:\/\/www.adurban.rs\/?page_id=4249","title":{"rendered":"Proizvodi"},"content":{"rendered":"\t\t<div data-elementor-type=\"wp-page\" data-elementor-id=\"4249\" class=\"elementor elementor-4249\">\n\t\t\t\t\t\t<section class=\"elementor-section elementor-top-section elementor-element elementor-element-808031b elementor-section-boxed elementor-section-height-default elementor-section-height-default\" data-id=\"808031b\" data-element_type=\"section\" data-e-type=\"section\">\n\t\t\t\t\t\t<div class=\"elementor-container elementor-column-gap-default\">\n\t\t\t\t\t<div class=\"elementor-column elementor-col-100 elementor-top-column elementor-element elementor-element-01fb2f2 ot-flex-column-vertical\" data-id=\"01fb2f2\" data-element_type=\"column\" data-e-type=\"column\">\n\t\t\t<div class=\"elementor-widget-wrap elementor-element-populated\">\n\t\t\t\t\t\t<div class=\"elementor-element elementor-element-eb03acd theratio-align-center elementor-widget elementor-widget-iheading\" data-id=\"eb03acd\" data-element_type=\"widget\" data-e-type=\"widget\" data-widget_type=\"iheading.default\">\n\t\t\t\t<div class=\"elementor-widget-container\">\n\t\t\t\t\t\t\t<div class=\"ot-heading is-dots\">\r\n\t        <span>Na\u0161i proizvodi<\/span>\t        <h2 class=\"main-heading\">Proizvodi<\/h2>\t    <\/div>\r\n\t    \t\t\t\t<\/div>\n\t\t\t\t<\/div>\n\t\t\t\t<div class=\"elementor-element elementor-element-2b0a89e elementor-widget elementor-widget-ipfilter\" data-id=\"2b0a89e\" data-element_type=\"widget\" data-e-type=\"widget\" data-widget_type=\"ipfilter.default\">\n\t\t\t\t<div class=\"elementor-widget-container\">\n\t\t\t\t\t\r\n\t\t<div class=\"project-filter-wrapper\">\r\n\t\t\t\t        \t<div class=\"container\">\r\n\t        \t\t<ul class=\"project_filters\">\r\n\t        \t\t\t\t        \t\t\t \t<li><a href=\"#\" data-filter=\"*\" class=\"selected btn-details\">All<span class=\"filter-count\"><\/span><\/a><\/li>\r\n\t        \t\t\t\t\t                \t\t                \t<li>\r\n\t\t\t\t\t\t\t\t<a class=\"btn-details\" href='#' data-filter='.category-30'>Oprema<span class=\"filter-count\"><\/span><\/a>\r\n\t\t\t\t\t\t\t<\/li>\t                   \r\n\t\t                \t\t\t\t\t<\/ul>\r\n\t\t\t\t<\/div>\r\n\t        \t\t\t\t        <div class=\"projects-grid pf_3_cols style-1 img-scale w-auto\" data-load=\"3\" data-count=\"10\">\r\n\t\t\t<div class=\"grid-sizer\"><\/div>\r\n\t            \r\n<div class=\"project-item category-30 \">\r\n\t<div class=\"projects-box\">\r\n\t\t<div class=\"projects-thumbnail\" data-src=\"https:\/\/www.adurban.rs\/wp-content\/uploads\/2019\/11\/img_bad294e6d77cb018d0ea68ac8bc12cff.jpg\" data-sub-html=\"Ski Lokeri\">\r\n\t\t\t<a href=\"https:\/\/www.adurban.rs\/?ot_portfolio=ski_lokeri\">\r\n\t\t\t\t<img fetchpriority=\"high\" decoding=\"async\" width=\"720\" height=\"720\" src=\"https:\/\/www.adurban.rs\/wp-content\/uploads\/2019\/11\/img_bad294e6d77cb018d0ea68ac8bc12cff-720x720.jpg\" class=\"attachment-theratio-portfolio-thumbnail-grid size-theratio-portfolio-thumbnail-grid wp-post-image\" alt=\"\" srcset=\"https:\/\/www.adurban.rs\/wp-content\/uploads\/2019\/11\/img_bad294e6d77cb018d0ea68ac8bc12cff-720x720.jpg 720w, https:\/\/www.adurban.rs\/wp-content\/uploads\/2019\/11\/img_bad294e6d77cb018d0ea68ac8bc12cff-300x300.jpg 300w, https:\/\/www.adurban.rs\/wp-content\/uploads\/2019\/11\/img_bad294e6d77cb018d0ea68ac8bc12cff-1024x1024.jpg 1024w, https:\/\/www.adurban.rs\/wp-content\/uploads\/2019\/11\/img_bad294e6d77cb018d0ea68ac8bc12cff-150x150.jpg 150w, https:\/\/www.adurban.rs\/wp-content\/uploads\/2019\/11\/img_bad294e6d77cb018d0ea68ac8bc12cff-768x768.jpg 768w, https:\/\/www.adurban.rs\/wp-content\/uploads\/2019\/11\/img_bad294e6d77cb018d0ea68ac8bc12cff.jpg 1500w\" sizes=\"(max-width: 720px) 100vw, 720px\" \/>\t\t\t<\/a>\r\n\t\t\t\r\n\t\t\t<span class=\"overlay\">\r\n\t\t\t\t<h5>Ski Lokeri<\/h5>\r\n\t\t\t\t<i class=\"ot-flaticon-add\"><\/i>\r\n\t\t\t<\/span>\r\n\t\t<\/div>\r\n\t\t<div class=\"portfolio-info\">\r\n\t\t\t<div class=\"portfolio-info-inner\">\r\n\t\t\t\t<h5><a class=\"title-link\" href=\"https:\/\/www.adurban.rs\/?ot_portfolio=ski_lokeri\" data-src=\"https:\/\/www.adurban.rs\/wp-content\/uploads\/2019\/11\/img_bad294e6d77cb018d0ea68ac8bc12cff.jpg\" data-sub-html=\"Ski Lokeri\">Ski Lokeri<\/a><\/h5>\r\n\t\t\t\t<p class=\"portfolio-cates\"><a href=\"https:\/\/www.adurban.rs\/?portfolio_cat=oprema\">Oprema<\/a><\/p> \r\n\t\t\t<\/div>\r\n\t\t\t<a class=\"overlay\" href=\"https:\/\/www.adurban.rs\/?ot_portfolio=ski_lokeri\"><\/a>\r\n\t\t<\/div>\r\n\t<\/div>\r\n<\/div>\r\n<div class=\"project-item category-30 \">\r\n\t<div class=\"projects-box\">\r\n\t\t<div class=\"projects-thumbnail\" data-src=\"https:\/\/www.adurban.rs\/wp-content\/uploads\/2019\/11\/1776153995409831.png\" data-sub-html=\"Klupe\">\r\n\t\t\t<a href=\"https:\/\/www.adurban.rs\/?ot_portfolio=klupe\">\r\n\t\t\t\t<img decoding=\"async\" width=\"720\" height=\"720\" src=\"https:\/\/www.adurban.rs\/wp-content\/uploads\/2019\/11\/1776153995409831-720x720.png\" class=\"attachment-theratio-portfolio-thumbnail-grid size-theratio-portfolio-thumbnail-grid wp-post-image\" alt=\"\" srcset=\"https:\/\/www.adurban.rs\/wp-content\/uploads\/2019\/11\/1776153995409831-720x720.png 720w, https:\/\/www.adurban.rs\/wp-content\/uploads\/2019\/11\/1776153995409831-150x150.png 150w\" sizes=\"(max-width: 720px) 100vw, 720px\" \/>\t\t\t<\/a>\r\n\t\t\t\r\n\t\t\t<span class=\"overlay\">\r\n\t\t\t\t<h5>Klupe<\/h5>\r\n\t\t\t\t<i class=\"ot-flaticon-add\"><\/i>\r\n\t\t\t<\/span>\r\n\t\t<\/div>\r\n\t\t<div class=\"portfolio-info\">\r\n\t\t\t<div class=\"portfolio-info-inner\">\r\n\t\t\t\t<h5><a class=\"title-link\" href=\"https:\/\/www.adurban.rs\/?ot_portfolio=klupe\" data-src=\"https:\/\/www.adurban.rs\/wp-content\/uploads\/2019\/11\/1776153995409831.png\" data-sub-html=\"Klupe\">Klupe<\/a><\/h5>\r\n\t\t\t\t<p class=\"portfolio-cates\"><a href=\"https:\/\/www.adurban.rs\/?portfolio_cat=oprema\">Oprema<\/a><\/p> \r\n\t\t\t<\/div>\r\n\t\t\t<a class=\"overlay\" href=\"https:\/\/www.adurban.rs\/?ot_portfolio=klupe\"><\/a>\r\n\t\t<\/div>\r\n\t<\/div>\r\n<\/div>\r\n<div class=\"project-item category-30 \">\r\n\t<div class=\"projects-box\">\r\n\t\t<div class=\"projects-thumbnail\" data-src=\"https:\/\/www.adurban.rs\/wp-content\/uploads\/2019\/11\/1776153995663096.png\" data-sub-html=\"\u017dardinjere\">\r\n\t\t\t<a href=\"https:\/\/www.adurban.rs\/?ot_portfolio=zardinjere\">\r\n\t\t\t\t<img decoding=\"async\" width=\"720\" height=\"720\" src=\"https:\/\/www.adurban.rs\/wp-content\/uploads\/2019\/11\/1776153995663096-720x720.png\" class=\"attachment-theratio-portfolio-thumbnail-grid size-theratio-portfolio-thumbnail-grid wp-post-image\" alt=\"\" srcset=\"https:\/\/www.adurban.rs\/wp-content\/uploads\/2019\/11\/1776153995663096-720x720.png 720w, https:\/\/www.adurban.rs\/wp-content\/uploads\/2019\/11\/1776153995663096-150x150.png 150w\" sizes=\"(max-width: 720px) 100vw, 720px\" \/>\t\t\t<\/a>\r\n\t\t\t\r\n\t\t\t<span class=\"overlay\">\r\n\t\t\t\t<h5>\u017dardinjere<\/h5>\r\n\t\t\t\t<i class=\"ot-flaticon-add\"><\/i>\r\n\t\t\t<\/span>\r\n\t\t<\/div>\r\n\t\t<div class=\"portfolio-info\">\r\n\t\t\t<div class=\"portfolio-info-inner\">\r\n\t\t\t\t<h5><a class=\"title-link\" href=\"https:\/\/www.adurban.rs\/?ot_portfolio=zardinjere\" data-src=\"https:\/\/www.adurban.rs\/wp-content\/uploads\/2019\/11\/1776153995663096.png\" data-sub-html=\"\u017dardinjere\">\u017dardinjere<\/a><\/h5>\r\n\t\t\t\t<p class=\"portfolio-cates\"><a href=\"https:\/\/www.adurban.rs\/?portfolio_cat=oprema\">Oprema<\/a><\/p> \r\n\t\t\t<\/div>\r\n\t\t\t<a class=\"overlay\" href=\"https:\/\/www.adurban.rs\/?ot_portfolio=zardinjere\"><\/a>\r\n\t\t<\/div>\r\n\t<\/div>\r\n<\/div>\r\n<div class=\"project-item category-30 \">\r\n\t<div class=\"projects-box\">\r\n\t\t<div class=\"projects-thumbnail\" data-src=\"https:\/\/www.adurban.rs\/wp-content\/uploads\/2019\/11\/1776184607846382.png\" data-sub-html=\"Maske za klime\">\r\n\t\t\t<a href=\"https:\/\/www.adurban.rs\/?ot_portfolio=maske_za_klime\">\r\n\t\t\t\t<img loading=\"lazy\" decoding=\"async\" width=\"720\" height=\"720\" src=\"https:\/\/www.adurban.rs\/wp-content\/uploads\/2019\/11\/1776184607846382-720x720.png\" class=\"attachment-theratio-portfolio-thumbnail-grid size-theratio-portfolio-thumbnail-grid wp-post-image\" alt=\"\" srcset=\"https:\/\/www.adurban.rs\/wp-content\/uploads\/2019\/11\/1776184607846382-720x720.png 720w, https:\/\/www.adurban.rs\/wp-content\/uploads\/2019\/11\/1776184607846382-150x150.png 150w\" sizes=\"(max-width: 720px) 100vw, 720px\" \/>\t\t\t<\/a>\r\n\t\t\t\r\n\t\t\t<span class=\"overlay\">\r\n\t\t\t\t<h5>Maske za klime<\/h5>\r\n\t\t\t\t<i class=\"ot-flaticon-add\"><\/i>\r\n\t\t\t<\/span>\r\n\t\t<\/div>\r\n\t\t<div class=\"portfolio-info\">\r\n\t\t\t<div class=\"portfolio-info-inner\">\r\n\t\t\t\t<h5><a class=\"title-link\" href=\"https:\/\/www.adurban.rs\/?ot_portfolio=maske_za_klime\" data-src=\"https:\/\/www.adurban.rs\/wp-content\/uploads\/2019\/11\/1776184607846382.png\" data-sub-html=\"Maske za klime\">Maske za klime<\/a><\/h5>\r\n\t\t\t\t<p class=\"portfolio-cates\"><a href=\"https:\/\/www.adurban.rs\/?portfolio_cat=oprema\">Oprema<\/a><\/p> \r\n\t\t\t<\/div>\r\n\t\t\t<a class=\"overlay\" href=\"https:\/\/www.adurban.rs\/?ot_portfolio=maske_za_klime\"><\/a>\r\n\t\t<\/div>\r\n\t<\/div>\r\n<\/div>\r\n<div class=\"project-item category-30 \">\r\n\t<div class=\"projects-box\">\r\n\t\t<div class=\"projects-thumbnail\" data-src=\"https:\/\/www.adurban.rs\/wp-content\/uploads\/2019\/11\/bandera-e1776250372519.png\" data-sub-html=\"Spoljna rasveta\">\r\n\t\t\t<a href=\"https:\/\/www.adurban.rs\/?ot_portfolio=spoljna_rasveta\">\r\n\t\t\t\t<img loading=\"lazy\" decoding=\"async\" width=\"720\" height=\"720\" src=\"https:\/\/www.adurban.rs\/wp-content\/uploads\/2019\/11\/bandera-e1776250372519-720x720.png\" class=\"attachment-theratio-portfolio-thumbnail-grid size-theratio-portfolio-thumbnail-grid wp-post-image\" alt=\"\" srcset=\"https:\/\/www.adurban.rs\/wp-content\/uploads\/2019\/11\/bandera-e1776250372519-720x720.png 720w, https:\/\/www.adurban.rs\/wp-content\/uploads\/2019\/11\/bandera-e1776250372519-150x150.png 150w\" sizes=\"(max-width: 720px) 100vw, 720px\" \/>\t\t\t<\/a>\r\n\t\t\t\r\n\t\t\t<span class=\"overlay\">\r\n\t\t\t\t<h5>Spoljna rasveta<\/h5>\r\n\t\t\t\t<i class=\"ot-flaticon-add\"><\/i>\r\n\t\t\t<\/span>\r\n\t\t<\/div>\r\n\t\t<div class=\"portfolio-info\">\r\n\t\t\t<div class=\"portfolio-info-inner\">\r\n\t\t\t\t<h5><a class=\"title-link\" href=\"https:\/\/www.adurban.rs\/?ot_portfolio=spoljna_rasveta\" data-src=\"https:\/\/www.adurban.rs\/wp-content\/uploads\/2019\/11\/bandera-e1776250372519.png\" data-sub-html=\"Spoljna rasveta\">Spoljna rasveta<\/a><\/h5>\r\n\t\t\t\t<p class=\"portfolio-cates\"><a href=\"https:\/\/www.adurban.rs\/?portfolio_cat=oprema\">Oprema<\/a><\/p> \r\n\t\t\t<\/div>\r\n\t\t\t<a class=\"overlay\" href=\"https:\/\/www.adurban.rs\/?ot_portfolio=spoljna_rasveta\"><\/a>\r\n\t\t<\/div>\r\n\t<\/div>\r\n<\/div>\r\n<div class=\"project-item category-30 \">\r\n\t<div class=\"projects-box\">\r\n\t\t<div class=\"projects-thumbnail\" data-src=\"https:\/\/www.adurban.rs\/wp-content\/uploads\/2019\/11\/1776184335245754.png\" data-sub-html=\"Kante za otpatke\">\r\n\t\t\t<a href=\"https:\/\/www.adurban.rs\/?ot_portfolio=kante_za_otpatke\">\r\n\t\t\t\t<img loading=\"lazy\" decoding=\"async\" width=\"720\" height=\"720\" src=\"https:\/\/www.adurban.rs\/wp-content\/uploads\/2019\/11\/1776184335245754-720x720.png\" class=\"attachment-theratio-portfolio-thumbnail-grid size-theratio-portfolio-thumbnail-grid wp-post-image\" alt=\"\" srcset=\"https:\/\/www.adurban.rs\/wp-content\/uploads\/2019\/11\/1776184335245754-720x720.png 720w, https:\/\/www.adurban.rs\/wp-content\/uploads\/2019\/11\/1776184335245754-150x150.png 150w\" sizes=\"(max-width: 720px) 100vw, 720px\" \/>\t\t\t<\/a>\r\n\t\t\t\r\n\t\t\t<span class=\"overlay\">\r\n\t\t\t\t<h5>Kante za otpatke<\/h5>\r\n\t\t\t\t<i class=\"ot-flaticon-add\"><\/i>\r\n\t\t\t<\/span>\r\n\t\t<\/div>\r\n\t\t<div class=\"portfolio-info\">\r\n\t\t\t<div class=\"portfolio-info-inner\">\r\n\t\t\t\t<h5><a class=\"title-link\" href=\"https:\/\/www.adurban.rs\/?ot_portfolio=kante_za_otpatke\" data-src=\"https:\/\/www.adurban.rs\/wp-content\/uploads\/2019\/11\/1776184335245754.png\" data-sub-html=\"Kante za otpatke\">Kante za otpatke<\/a><\/h5>\r\n\t\t\t\t<p class=\"portfolio-cates\"><a href=\"https:\/\/www.adurban.rs\/?portfolio_cat=oprema\">Oprema<\/a><\/p> \r\n\t\t\t<\/div>\r\n\t\t\t<a class=\"overlay\" href=\"https:\/\/www.adurban.rs\/?ot_portfolio=kante_za_otpatke\"><\/a>\r\n\t\t<\/div>\r\n\t<\/div>\r\n<\/div>\t\t\t<\/div>\r\n\r\n\t\t\t<div class=\"btn-block\"><a href=\"#\" class=\"btn-loadmore octf-btn\" data-category=\"30\" data-loaded=\"U\u010ditaj vi\u0161e\" data-loading=\"U\u010ditavanje...\" data-style=\"grid\">U\u010ditaj vi\u0161e<\/a><\/div>\t    <\/div>\r\n\t\t\t\t\t\t\t\t\t\t\r\n\t    \t\t\t\t<\/div>\n\t\t\t\t<\/div>\n\t\t\t\t\t<\/div>\n\t\t<\/div>\n\t\t\t\t\t<\/div>\n\t\t<\/section>\n\t\t\t\t<\/div>\n\t\t","protected":false},"excerpt":{"rendered":"<p>Na\u0161i proizvodi Proizvodi All Oprema Ski Lokeri Ski Lokeri Oprema Klupe Klupe Oprema \u017dardinjere \u017dardinjere Oprema Maske za klime Maske za klime Oprema Spoljna rasveta Spoljna rasveta Oprema Kante za otpatke Kante za otpatke Oprema Jarboli Jarboli Oprema Ograde Ograde Oprema Fasade Fasade Oprema U\u010ditaj vi\u0161e<\/p>\n","protected":false},"author":1,"featured_media":0,"parent":0,"menu_order":0,"comment_status":"closed","ping_status":"closed","template":"","meta":{"footnotes":""},"class_list":["post-4249","page","type-page","status-publish","hentry"],"_links":{"self":[{"href":"https:\/\/www.adurban.rs\/index.php?rest_route=\/wp\/v2\/pages\/4249","targetHints":{"allow":["GET"]}}],"collection":[{"href":"https:\/\/www.adurban.rs\/index.php?rest_route=\/wp\/v2\/pages"}],"about":[{"href":"https:\/\/www.adurban.rs\/index.php?rest_route=\/wp\/v2\/types\/page"}],"author":[{"embeddable":true,"href":"https:\/\/www.adurban.rs\/index.php?rest_route=\/wp\/v2\/users\/1"}],"replies":[{"embeddable":true,"href":"https:\/\/www.adurban.rs\/index.php?rest_route=%2Fwp%2Fv2%2Fcomments&post=4249"}],"version-history":[{"count":25,"href":"https:\/\/www.adurban.rs\/index.php?rest_route=\/wp\/v2\/pages\/4249\/revisions"}],"predecessor-version":[{"id":6071,"href":"https:\/\/www.adurban.rs\/index.php?rest_route=\/wp\/v2\/pages\/4249\/revisions\/6071"}],"wp:attachment":[{"href":"https:\/\/www.adurban.rs\/index.php?rest_route=%2Fwp%2Fv2%2Fmedia&parent=4249"}],"curies":[{"name":"wp","href":"https:\/\/api.w.org\/{rel}","templated":true}]}}