{"id":320,"date":"2020-05-06T03:46:28","date_gmt":"2020-05-06T03:46:28","guid":{"rendered":"http:\/\/localhost\/theratio\/?page_id=320"},"modified":"2026-04-16T11:37:00","modified_gmt":"2026-04-16T11:37:00","slug":"pocetna","status":"publish","type":"page","link":"https:\/\/www.adurban.rs\/","title":{"rendered":"Po\u010detna"},"content":{"rendered":"\t\t<div data-elementor-type=\"wp-page\" data-elementor-id=\"320\" class=\"elementor elementor-320\">\n\t\t\t\t\t\t<section class=\"elementor-section elementor-top-section elementor-element elementor-element-c760ec6 elementor-section-full_width has-lines-horizontal has-lines-vertical has-lines-horizontal-bottom elementor-section-height-default elementor-section-height-default no-lines-vertical-center\" data-id=\"c760ec6\" data-element_type=\"section\" data-e-type=\"section\">\n\t\t\t\t\t\t<div class=\"elementor-container elementor-column-gap-default\">\n\t\t\t\t\t<div class=\"elementor-column elementor-col-100 elementor-top-column elementor-element elementor-element-378f006 ot-flex-column-vertical\" data-id=\"378f006\" data-element_type=\"column\" data-e-type=\"column\">\n\t\t\t<div class=\"elementor-widget-wrap elementor-element-populated\">\n\t\t\t\t\t\t<div class=\"elementor-element elementor-element-ec03e43 elementor-widget elementor-widget-slider_revolution\" data-id=\"ec03e43\" data-element_type=\"widget\" data-e-type=\"widget\" data-widget_type=\"slider_revolution.default\">\n\t\t\t\t\t\n\t\t<div class=\"wp-block-themepunch-revslider\">\n\t\t\t\t<p class=\"rs-p-wp-fix\"><\/p>\n\t\t\t\t<sr7-module data-alias=\"home-1\" data-id=\"1\" id=\"SR7_1_1\" class=\"rs-ov-hidden\" data-version=\"6.7.52\">\n\t\t\t\t\t<sr7-adjuster><\/sr7-adjuster>\n\t\t\t\t\t<sr7-content>\n\t\t\t\t\t\t<sr7-slide id=\"SR7_1_1-1\" data-key=\"1\">\n\t\t\t\t\t\t\t<sr7-bg id=\"SR7_1_1-1-12\" class=\"sr7-layer\"><noscript><img decoding=\"async\" src=\"https:\/\/www.adurban.rs\/wp-content\/uploads\/2026\/04\/1776239813250627-scaled.png\" alt=\"\" title=\"1776239813250627\"><\/noscript><\/sr7-bg>\n\t\t\t\t\t\t\t<sr7-txt id=\"SR7_1_1-1-4\" class=\"sr7-layer\">AD Urban<\/sr7-txt>\n\t\t\t\t\t\t\t<sr7-txt id=\"SR7_1_1-1-7\" class=\"sr7-layer\">design<br \/>\n<\/sr7-txt>\n\t\t\t\t\t\t\t<a id=\"SR7_1_1-1-11\" class=\"sr7-layer\" href=\"https:\/\/www.adurban.rs\/?page_id=4249\" target=\"_self\">Pogledaj na\u0161e proizvode<\/a>\n\t\t\t\t\t\t<\/sr7-slide>\n\t\t\t\t\t\t<sr7-slide id=\"SR7_1_1-2\" data-key=\"2\">\n\t\t\t\t\t\t\t<sr7-bg id=\"SR7_1_1-2-9\" class=\"sr7-layer\"><noscript><img decoding=\"async\" src=\"https:\/\/www.adurban.rs\/wp-content\/uploads\/2026\/04\/slika-2-scaled.png\" alt=\"\" title=\"slika 2\"><\/noscript><\/sr7-bg>\n\t\t\t\t\t\t\t<sr7-txt id=\"SR7_1_1-2-2\" class=\"sr7-layer\">quality<br \/>\n<\/sr7-txt>\n\t\t\t\t\t\t\t<sr7-txt id=\"SR7_1_1-2-5\" class=\"sr7-layer\">AD Urban<\/sr7-txt>\n\t\t\t\t\t\t\t<a id=\"SR7_1_1-2-8\" class=\"sr7-layer\" href=\"https:\/\/www.adurban.rs\/?page_id=4249\" target=\"_self\">Pogledaj na\u0161e proizvode<\/a>\n\t\t\t\t\t\t<\/sr7-slide>\n\t\t\t\t\t\t<sr7-slide id=\"SR7_1_1-27\" data-key=\"27\">\n\t\t\t\t\t\t\t<sr7-bg id=\"SR7_1_1-27-16\" class=\"sr7-layer\"><noscript><img decoding=\"async\" src=\"https:\/\/www.adurban.rs\/wp-content\/uploads\/2026\/04\/1776257001913426-scaled.png\" alt=\"\" title=\"1776257001913426\"><\/noscript><\/sr7-bg>\n\t\t\t\t\t\t\t<sr7-txt id=\"SR7_1_1-27-13\" class=\"sr7-layer\">AD Urban<\/sr7-txt>\n\t\t\t\t\t\t\t<sr7-txt id=\"SR7_1_1-27-14\" class=\"sr7-layer\">production<br \/>\n<\/sr7-txt>\n\t\t\t\t\t\t\t<a id=\"SR7_1_1-27-15\" class=\"sr7-layer\" href=\"https:\/\/www.adurban.rs\/?page_id=4249\" target=\"_self\">Pogledaj na\u0161e proizvode<\/a>\n\t\t\t\t\t\t<\/sr7-slide>\n\t\t\t\t\t\t<sr7-slide id=\"SR7_1_1-21\" data-key=\"21\">\n\t\t\t\t\t\t<\/sr7-slide>\n\t\t\t\t\t<\/sr7-content>\n\t\t\t\t\t<image_lists style=\"display:none\">\n\t\t\t\t\t\t<img data-src=\"\/\/www.adurban.rs\/wp-content\/uploads\/2026\/04\/1776239813250627-scaled.png\" data-libid=\"5730\" data-lib=\"medialibrary\" title=\"1776239813250627\" width=\"0\" height=\"0\" data-dbsrc=\"Ly93d3cuYWR1cmJhbi5ycy93cC1jb250ZW50L3VwbG9hZHMvMjAyNi8wNC8xNzc2MjM5ODEzMjUwNjI3LXNjYWxlZC5wbmc=\"\/>\n\t\t\t\t\t\t<img data-src=\"\/\/www.adurban.rs\/wp-content\/uploads\/2026\/04\/slika-2-scaled.png\" data-libid=\"5946\" data-lib=\"medialibrary\" title=\"slika 2\" width=\"0\" height=\"0\" data-dbsrc=\"Ly93d3cuYWR1cmJhbi5ycy93cC1jb250ZW50L3VwbG9hZHMvMjAyNi8wNC9zbGlrYS0yLXNjYWxlZC5wbmc=\"\/>\n\t\t\t\t\t\t<img data-src=\"\/\/www.adurban.rs\/wp-content\/uploads\/2026\/04\/1776257001913426-scaled.png\" data-libid=\"5968\" data-lib=\"medialibrary\" title=\"1776257001913426\" width=\"0\" height=\"0\" data-dbsrc=\"Ly93d3cuYWR1cmJhbi5ycy93cC1jb250ZW50L3VwbG9hZHMvMjAyNi8wNC8xNzc2MjU3MDAxOTEzNDI2LXNjYWxlZC5wbmc=\"\/>\n\t\t\t\t\t<\/image_lists>\n\t\t\t\t<\/sr7-module>\n\t\t\t\t<script>\n\t\t\t\t\twindow.SR7 ??={};SR7.PMH ??={}; SR7.PMH[\"SR7_1_1\"] = {cn:100,state:false,fn: function() { if (window._tpt!==undefined && window._tpt.prepareModuleHeight !== undefined) {  _tpt.prepareModuleHeight({id:\"SR7_1_1\",el:[950,950,600,630,600],type:'standard',shdw:'0',gh:[950,950,600,630,600],gw:[1200,1200,1024,768,480],vpt:['-100px&#039;,&#039;-100px&#039;,&#039;-100px&#039;,&#039;-100px&#039;,&#039;-100px'],size:{fullWidth:true, fullHeight:true},fho:',0px',mh:'0',onh:0,onw:0,bg:{color:'{\"orig\":\"transparent\",\"type\":\"solid\",\"string\":\"transparent\"}'}});   SR7.PMH[\"SR7_1_1\"].state=true;} else if(SR7.PMH[\"SR7_1_1\"].cn-->0)\tsetTimeout( SR7.PMH[\"SR7_1_1\"].fn,19);}};SR7.PMH[\"SR7_1_1\" ].fn();\n\t\t\t\t<\/script>\n<\/div>\n\n\t\t\t\t\t\t<\/div>\n\t\t\t\t\t<\/div>\n\t\t<\/div>\n\t\t\t\t\t<\/div>\n\t\t<\/section>\n\t\t\t\t<section class=\"elementor-section elementor-top-section elementor-element elementor-element-cdf7ef1 elementor-section-content-middle has-lines-vertical has-lines-vertical-center elementor-section-boxed elementor-section-height-default elementor-section-height-default\" data-id=\"cdf7ef1\" data-element_type=\"section\" data-e-type=\"section\">\n\t\t\t\t\t\t<div class=\"elementor-container elementor-column-gap-extended\">\n\t\t\t\t\t<div class=\"elementor-column elementor-col-50 elementor-top-column elementor-element elementor-element-10da194 ot-flex-column-vertical\" data-id=\"10da194\" data-element_type=\"column\" data-e-type=\"column\">\n\t\t\t<div class=\"elementor-widget-wrap elementor-element-populated\">\n\t\t\t\t\t\t<div class=\"elementor-element elementor-element-3719061 elementor-widget elementor-widget-video\" data-id=\"3719061\" data-element_type=\"widget\" data-e-type=\"widget\" data-settings=\"{&quot;video_type&quot;:&quot;hosted&quot;,&quot;autoplay&quot;:&quot;yes&quot;,&quot;play_on_mobile&quot;:&quot;yes&quot;,&quot;mute&quot;:&quot;yes&quot;,&quot;controls&quot;:&quot;yes&quot;}\" data-widget_type=\"video.default\">\n\t\t\t\t\t\t\t<div class=\"e-hosted-video elementor-wrapper elementor-open-inline\">\n\t\t\t\t\t<video class=\"elementor-video\" src=\"https:\/\/www.adurban.rs\/wp-content\/uploads\/2026\/04\/novi-video-pocetna.mp4\" autoplay=\"\" controls=\"\" muted=\"muted\" playsinline=\"\"><\/video>\n\t\t\t\t<\/div>\n\t\t\t\t\t\t<\/div>\n\t\t\t\t\t<\/div>\n\t\t<\/div>\n\t\t\t\t<div class=\"elementor-column elementor-col-50 elementor-top-column elementor-element elementor-element-9ba0968 ot-flex-column-vertical\" data-id=\"9ba0968\" data-element_type=\"column\" data-e-type=\"column\">\n\t\t\t<div class=\"elementor-widget-wrap elementor-element-populated\">\n\t\t\t\t\t\t<div class=\"elementor-element elementor-element-832fdd8 elementor-widget elementor-widget-iheading\" data-id=\"832fdd8\" data-element_type=\"widget\" data-e-type=\"widget\" data-widget_type=\"iheading.default\">\n\t\t\t\t<div class=\"elementor-widget-container\">\n\t\t\t\t\t\t\t<div class=\"ot-heading is-dots\">\r\n\t        <span>Opis<\/span>\t        <h2 class=\"main-heading\">O kompaniji<\/h2>\t    <\/div>\r\n\t    \t\t\t\t<\/div>\n\t\t\t\t<\/div>\n\t\t\t\t<div class=\"elementor-element elementor-element-6dac75e elementor-widget elementor-widget-text-editor\" data-id=\"6dac75e\" data-element_type=\"widget\" data-e-type=\"widget\" data-widget_type=\"text-editor.default\">\n\t\t\t\t\t\t\t\t\t<p>Kompanija sa vi\u0161e od 20 godina iskustva uspe\u0161no se bavi proizvodnjom urbanog i spoljnog mobilijara, nude\u0107i kvalitetna i dugotrajna re\u0161enja prilago\u0111ena savremenim potrebama. Sopstveni proizvodni pogon opremljen je najsavremenijim ma\u0161inama kao \u0161to su: Fiber laser, cnc plazma rezanje, cnc apkant presu 3,2 m, apipong 8 m, cnc makaze 3,2 m, trovaljak za rolovanje lima 3,2 m, vi\u0161e cnc rutera za se\u010denje alu bonda i hpl plo\u010da, plastifikaciju metala, ma\u0161ine za termooblikovanje (termoformiranje), direktnu \u0161tampu na meterijalima za personalizovanje mobilijara kao i ma\u0161ine za kompletno obele\u017eavanje i brendiranje hotela, poslovnih i drugih objekata.<\/p>\t\t\t\t\t\t\t\t<\/div>\n\t\t\t\t<div class=\"elementor-element elementor-element-4e8ad16 elementor-widget elementor-widget-ibutton\" data-id=\"4e8ad16\" data-element_type=\"widget\" data-e-type=\"widget\" data-widget_type=\"ibutton.default\">\n\t\t\t\t<div class=\"elementor-widget-container\">\n\t\t\t\t\t\t\t<div class=\"ot-button\">\r\n\t\t\t<a href=\"https:\/\/www.adurban.rs\/?page_id=1958\" class=\"octf-btn octf-btn-dark\">Pro\u010ditaj vi\u0161e<\/a>\r\n\t    <\/div>\r\n\t    \t\t\t\t<\/div>\n\t\t\t\t<\/div>\n\t\t\t\t\t<\/div>\n\t\t<\/div>\n\t\t\t\t\t<\/div>\n\t\t<\/section>\n\t\t\t\t<section class=\"elementor-section elementor-top-section elementor-element elementor-element-2353b796 elementor-section-full_width elementor-section-height-default elementor-section-height-default\" data-id=\"2353b796\" data-element_type=\"section\" data-e-type=\"section\" data-settings=\"{&quot;background_background&quot;:&quot;classic&quot;}\">\n\t\t\t\t\t\t<div class=\"elementor-container elementor-column-gap-default\">\n\t\t\t\t\t<div class=\"elementor-column elementor-col-100 elementor-top-column elementor-element elementor-element-782825bd ot-flex-column-vertical\" data-id=\"782825bd\" data-element_type=\"column\" data-e-type=\"column\">\n\t\t\t<div class=\"elementor-widget-wrap elementor-element-populated\">\n\t\t\t\t\t\t<div class=\"elementor-element elementor-element-7f3c47c9 theratio-align-center elementor-widget elementor-widget-iheading\" data-id=\"7f3c47c9\" data-element_type=\"widget\" data-e-type=\"widget\" data-widget_type=\"iheading.default\">\n\t\t\t\t<div class=\"elementor-widget-container\">\n\t\t\t\t\t\t\t<div class=\"ot-heading is-dots\">\r\n\t        <span>Proizvodi<\/span>\t        <h2 class=\"main-heading\">Na\u0161i proizvodi<\/h2>\t    <\/div>\r\n\t    \t\t\t\t<\/div>\n\t\t\t\t<\/div>\n\t\t\t\t<div class=\"elementor-element elementor-element-781c6e73 elementor-widget elementor-widget-ipfilter\" data-id=\"781c6e73\" data-element_type=\"widget\" data-e-type=\"widget\" data-widget_type=\"ipfilter.default\">\n\t\t\t\t<div class=\"elementor-widget-container\">\n\t\t\t\t\t\r\n\t\t<div class=\"project-filter-wrapper\">\r\n\t\t\t\t        \t<div class=\"container\">\r\n\t        \t\t<ul class=\"project_filters\">\r\n\t        \t\t\t\t        \t\t\t \t<li><a href=\"#\" data-filter=\"*\" class=\"selected btn-details\">All<span class=\"filter-count\"><\/span><\/a><\/li>\r\n\t        \t\t\t\t\t                \t\t                \t<li>\r\n\t\t\t\t\t\t\t\t<a class=\"btn-details\" href='#' data-filter='.category-30'>Oprema<span class=\"filter-count\"><\/span><\/a>\r\n\t\t\t\t\t\t\t<\/li>\t                   \r\n\t\t                \t\t\t\t\t<\/ul>\r\n\t\t\t\t<\/div>\r\n\t        \t\t\t\t        <div class=\"projects-grid pf_4_cols style-1 img-scale w-auto\" data-load=\"\" data-count=\"10\">\r\n\t\t\t<div class=\"grid-sizer\"><\/div>\r\n\t            \r\n<div class=\"project-item category-30 \">\r\n\t<div class=\"projects-box\">\r\n\t\t<div class=\"projects-thumbnail\" data-src=\"https:\/\/www.adurban.rs\/wp-content\/uploads\/2019\/11\/img_bad294e6d77cb018d0ea68ac8bc12cff.jpg\" data-sub-html=\"Ski Lokeri\">\r\n\t\t\t<a href=\"https:\/\/www.adurban.rs\/?ot_portfolio=ski_lokeri\">\r\n\t\t\t\t<img loading=\"lazy\" decoding=\"async\" width=\"720\" height=\"720\" src=\"https:\/\/www.adurban.rs\/wp-content\/uploads\/2019\/11\/img_bad294e6d77cb018d0ea68ac8bc12cff-720x720.jpg\" class=\"attachment-theratio-portfolio-thumbnail-grid size-theratio-portfolio-thumbnail-grid wp-post-image\" alt=\"\" srcset=\"https:\/\/www.adurban.rs\/wp-content\/uploads\/2019\/11\/img_bad294e6d77cb018d0ea68ac8bc12cff-720x720.jpg 720w, https:\/\/www.adurban.rs\/wp-content\/uploads\/2019\/11\/img_bad294e6d77cb018d0ea68ac8bc12cff-300x300.jpg 300w, https:\/\/www.adurban.rs\/wp-content\/uploads\/2019\/11\/img_bad294e6d77cb018d0ea68ac8bc12cff-1024x1024.jpg 1024w, https:\/\/www.adurban.rs\/wp-content\/uploads\/2019\/11\/img_bad294e6d77cb018d0ea68ac8bc12cff-150x150.jpg 150w, https:\/\/www.adurban.rs\/wp-content\/uploads\/2019\/11\/img_bad294e6d77cb018d0ea68ac8bc12cff-768x768.jpg 768w, https:\/\/www.adurban.rs\/wp-content\/uploads\/2019\/11\/img_bad294e6d77cb018d0ea68ac8bc12cff.jpg 1500w\" sizes=\"(max-width: 720px) 100vw, 720px\" \/>\t\t\t<\/a>\r\n\t\t\t\r\n\t\t\t<span class=\"overlay\">\r\n\t\t\t\t<h5>Ski Lokeri<\/h5>\r\n\t\t\t\t<i class=\"ot-flaticon-add\"><\/i>\r\n\t\t\t<\/span>\r\n\t\t<\/div>\r\n\t\t<div class=\"portfolio-info\">\r\n\t\t\t<div class=\"portfolio-info-inner\">\r\n\t\t\t\t<h5><a class=\"title-link\" href=\"https:\/\/www.adurban.rs\/?ot_portfolio=ski_lokeri\" data-src=\"https:\/\/www.adurban.rs\/wp-content\/uploads\/2019\/11\/img_bad294e6d77cb018d0ea68ac8bc12cff.jpg\" data-sub-html=\"Ski Lokeri\">Ski Lokeri<\/a><\/h5>\r\n\t\t\t\t<p class=\"portfolio-cates\"><a href=\"https:\/\/www.adurban.rs\/?portfolio_cat=oprema\">Oprema<\/a><\/p> \r\n\t\t\t<\/div>\r\n\t\t\t<a class=\"overlay\" href=\"https:\/\/www.adurban.rs\/?ot_portfolio=ski_lokeri\"><\/a>\r\n\t\t<\/div>\r\n\t<\/div>\r\n<\/div>\r\n<div class=\"project-item category-30 \">\r\n\t<div class=\"projects-box\">\r\n\t\t<div class=\"projects-thumbnail\" data-src=\"https:\/\/www.adurban.rs\/wp-content\/uploads\/2019\/11\/1776153995409831.png\" data-sub-html=\"Klupe\">\r\n\t\t\t<a href=\"https:\/\/www.adurban.rs\/?ot_portfolio=klupe\">\r\n\t\t\t\t<img loading=\"lazy\" decoding=\"async\" width=\"720\" height=\"720\" src=\"https:\/\/www.adurban.rs\/wp-content\/uploads\/2019\/11\/1776153995409831-720x720.png\" class=\"attachment-theratio-portfolio-thumbnail-grid size-theratio-portfolio-thumbnail-grid wp-post-image\" alt=\"\" srcset=\"https:\/\/www.adurban.rs\/wp-content\/uploads\/2019\/11\/1776153995409831-720x720.png 720w, https:\/\/www.adurban.rs\/wp-content\/uploads\/2019\/11\/1776153995409831-150x150.png 150w\" sizes=\"(max-width: 720px) 100vw, 720px\" \/>\t\t\t<\/a>\r\n\t\t\t\r\n\t\t\t<span class=\"overlay\">\r\n\t\t\t\t<h5>Klupe<\/h5>\r\n\t\t\t\t<i class=\"ot-flaticon-add\"><\/i>\r\n\t\t\t<\/span>\r\n\t\t<\/div>\r\n\t\t<div class=\"portfolio-info\">\r\n\t\t\t<div class=\"portfolio-info-inner\">\r\n\t\t\t\t<h5><a class=\"title-link\" href=\"https:\/\/www.adurban.rs\/?ot_portfolio=klupe\" data-src=\"https:\/\/www.adurban.rs\/wp-content\/uploads\/2019\/11\/1776153995409831.png\" data-sub-html=\"Klupe\">Klupe<\/a><\/h5>\r\n\t\t\t\t<p class=\"portfolio-cates\"><a href=\"https:\/\/www.adurban.rs\/?portfolio_cat=oprema\">Oprema<\/a><\/p> \r\n\t\t\t<\/div>\r\n\t\t\t<a class=\"overlay\" href=\"https:\/\/www.adurban.rs\/?ot_portfolio=klupe\"><\/a>\r\n\t\t<\/div>\r\n\t<\/div>\r\n<\/div>\r\n<div class=\"project-item category-30 \">\r\n\t<div class=\"projects-box\">\r\n\t\t<div class=\"projects-thumbnail\" data-src=\"https:\/\/www.adurban.rs\/wp-content\/uploads\/2019\/11\/1776153995663096.png\" data-sub-html=\"\u017dardinjere\">\r\n\t\t\t<a href=\"https:\/\/www.adurban.rs\/?ot_portfolio=zardinjere\">\r\n\t\t\t\t<img loading=\"lazy\" decoding=\"async\" width=\"720\" height=\"720\" src=\"https:\/\/www.adurban.rs\/wp-content\/uploads\/2019\/11\/1776153995663096-720x720.png\" class=\"attachment-theratio-portfolio-thumbnail-grid size-theratio-portfolio-thumbnail-grid wp-post-image\" alt=\"\" srcset=\"https:\/\/www.adurban.rs\/wp-content\/uploads\/2019\/11\/1776153995663096-720x720.png 720w, https:\/\/www.adurban.rs\/wp-content\/uploads\/2019\/11\/1776153995663096-150x150.png 150w\" sizes=\"(max-width: 720px) 100vw, 720px\" \/>\t\t\t<\/a>\r\n\t\t\t\r\n\t\t\t<span class=\"overlay\">\r\n\t\t\t\t<h5>\u017dardinjere<\/h5>\r\n\t\t\t\t<i class=\"ot-flaticon-add\"><\/i>\r\n\t\t\t<\/span>\r\n\t\t<\/div>\r\n\t\t<div class=\"portfolio-info\">\r\n\t\t\t<div class=\"portfolio-info-inner\">\r\n\t\t\t\t<h5><a class=\"title-link\" href=\"https:\/\/www.adurban.rs\/?ot_portfolio=zardinjere\" data-src=\"https:\/\/www.adurban.rs\/wp-content\/uploads\/2019\/11\/1776153995663096.png\" data-sub-html=\"\u017dardinjere\">\u017dardinjere<\/a><\/h5>\r\n\t\t\t\t<p class=\"portfolio-cates\"><a href=\"https:\/\/www.adurban.rs\/?portfolio_cat=oprema\">Oprema<\/a><\/p> \r\n\t\t\t<\/div>\r\n\t\t\t<a class=\"overlay\" href=\"https:\/\/www.adurban.rs\/?ot_portfolio=zardinjere\"><\/a>\r\n\t\t<\/div>\r\n\t<\/div>\r\n<\/div>\r\n<div class=\"project-item category-30 \">\r\n\t<div class=\"projects-box\">\r\n\t\t<div class=\"projects-thumbnail\" data-src=\"https:\/\/www.adurban.rs\/wp-content\/uploads\/2019\/11\/1776184607846382.png\" data-sub-html=\"Maske za klime\">\r\n\t\t\t<a href=\"https:\/\/www.adurban.rs\/?ot_portfolio=maske_za_klime\">\r\n\t\t\t\t<img loading=\"lazy\" decoding=\"async\" width=\"720\" height=\"720\" src=\"https:\/\/www.adurban.rs\/wp-content\/uploads\/2019\/11\/1776184607846382-720x720.png\" class=\"attachment-theratio-portfolio-thumbnail-grid size-theratio-portfolio-thumbnail-grid wp-post-image\" alt=\"\" srcset=\"https:\/\/www.adurban.rs\/wp-content\/uploads\/2019\/11\/1776184607846382-720x720.png 720w, https:\/\/www.adurban.rs\/wp-content\/uploads\/2019\/11\/1776184607846382-150x150.png 150w\" sizes=\"(max-width: 720px) 100vw, 720px\" \/>\t\t\t<\/a>\r\n\t\t\t\r\n\t\t\t<span class=\"overlay\">\r\n\t\t\t\t<h5>Maske za klime<\/h5>\r\n\t\t\t\t<i class=\"ot-flaticon-add\"><\/i>\r\n\t\t\t<\/span>\r\n\t\t<\/div>\r\n\t\t<div class=\"portfolio-info\">\r\n\t\t\t<div class=\"portfolio-info-inner\">\r\n\t\t\t\t<h5><a class=\"title-link\" href=\"https:\/\/www.adurban.rs\/?ot_portfolio=maske_za_klime\" data-src=\"https:\/\/www.adurban.rs\/wp-content\/uploads\/2019\/11\/1776184607846382.png\" data-sub-html=\"Maske za klime\">Maske za klime<\/a><\/h5>\r\n\t\t\t\t<p class=\"portfolio-cates\"><a href=\"https:\/\/www.adurban.rs\/?portfolio_cat=oprema\">Oprema<\/a><\/p> \r\n\t\t\t<\/div>\r\n\t\t\t<a class=\"overlay\" href=\"https:\/\/www.adurban.rs\/?ot_portfolio=maske_za_klime\"><\/a>\r\n\t\t<\/div>\r\n\t<\/div>\r\n<\/div>\r\n<div class=\"project-item category-30 \">\r\n\t<div class=\"projects-box\">\r\n\t\t<div class=\"projects-thumbnail\" data-src=\"https:\/\/www.adurban.rs\/wp-content\/uploads\/2019\/11\/bandera-e1776250372519.png\" data-sub-html=\"Spoljna rasveta\">\r\n\t\t\t<a href=\"https:\/\/www.adurban.rs\/?ot_portfolio=spoljna_rasveta\">\r\n\t\t\t\t<img loading=\"lazy\" decoding=\"async\" width=\"720\" height=\"720\" src=\"https:\/\/www.adurban.rs\/wp-content\/uploads\/2019\/11\/bandera-e1776250372519-720x720.png\" class=\"attachment-theratio-portfolio-thumbnail-grid size-theratio-portfolio-thumbnail-grid wp-post-image\" alt=\"\" srcset=\"https:\/\/www.adurban.rs\/wp-content\/uploads\/2019\/11\/bandera-e1776250372519-720x720.png 720w, https:\/\/www.adurban.rs\/wp-content\/uploads\/2019\/11\/bandera-e1776250372519-150x150.png 150w\" sizes=\"(max-width: 720px) 100vw, 720px\" \/>\t\t\t<\/a>\r\n\t\t\t\r\n\t\t\t<span class=\"overlay\">\r\n\t\t\t\t<h5>Spoljna rasveta<\/h5>\r\n\t\t\t\t<i class=\"ot-flaticon-add\"><\/i>\r\n\t\t\t<\/span>\r\n\t\t<\/div>\r\n\t\t<div class=\"portfolio-info\">\r\n\t\t\t<div class=\"portfolio-info-inner\">\r\n\t\t\t\t<h5><a class=\"title-link\" href=\"https:\/\/www.adurban.rs\/?ot_portfolio=spoljna_rasveta\" data-src=\"https:\/\/www.adurban.rs\/wp-content\/uploads\/2019\/11\/bandera-e1776250372519.png\" data-sub-html=\"Spoljna rasveta\">Spoljna rasveta<\/a><\/h5>\r\n\t\t\t\t<p class=\"portfolio-cates\"><a href=\"https:\/\/www.adurban.rs\/?portfolio_cat=oprema\">Oprema<\/a><\/p> \r\n\t\t\t<\/div>\r\n\t\t\t<a class=\"overlay\" href=\"https:\/\/www.adurban.rs\/?ot_portfolio=spoljna_rasveta\"><\/a>\r\n\t\t<\/div>\r\n\t<\/div>\r\n<\/div>\r\n<div class=\"project-item category-30 \">\r\n\t<div class=\"projects-box\">\r\n\t\t<div class=\"projects-thumbnail\" data-src=\"https:\/\/www.adurban.rs\/wp-content\/uploads\/2019\/11\/1776184335245754.png\" data-sub-html=\"Kante za otpatke\">\r\n\t\t\t<a href=\"https:\/\/www.adurban.rs\/?ot_portfolio=kante_za_otpatke\">\r\n\t\t\t\t<img loading=\"lazy\" decoding=\"async\" width=\"720\" height=\"720\" src=\"https:\/\/www.adurban.rs\/wp-content\/uploads\/2019\/11\/1776184335245754-720x720.png\" class=\"attachment-theratio-portfolio-thumbnail-grid size-theratio-portfolio-thumbnail-grid wp-post-image\" alt=\"\" srcset=\"https:\/\/www.adurban.rs\/wp-content\/uploads\/2019\/11\/1776184335245754-720x720.png 720w, https:\/\/www.adurban.rs\/wp-content\/uploads\/2019\/11\/1776184335245754-150x150.png 150w\" sizes=\"(max-width: 720px) 100vw, 720px\" \/>\t\t\t<\/a>\r\n\t\t\t\r\n\t\t\t<span class=\"overlay\">\r\n\t\t\t\t<h5>Kante za otpatke<\/h5>\r\n\t\t\t\t<i class=\"ot-flaticon-add\"><\/i>\r\n\t\t\t<\/span>\r\n\t\t<\/div>\r\n\t\t<div class=\"portfolio-info\">\r\n\t\t\t<div class=\"portfolio-info-inner\">\r\n\t\t\t\t<h5><a class=\"title-link\" href=\"https:\/\/www.adurban.rs\/?ot_portfolio=kante_za_otpatke\" data-src=\"https:\/\/www.adurban.rs\/wp-content\/uploads\/2019\/11\/1776184335245754.png\" data-sub-html=\"Kante za otpatke\">Kante za otpatke<\/a><\/h5>\r\n\t\t\t\t<p class=\"portfolio-cates\"><a href=\"https:\/\/www.adurban.rs\/?portfolio_cat=oprema\">Oprema<\/a><\/p> \r\n\t\t\t<\/div>\r\n\t\t\t<a class=\"overlay\" href=\"https:\/\/www.adurban.rs\/?ot_portfolio=kante_za_otpatke\"><\/a>\r\n\t\t<\/div>\r\n\t<\/div>\r\n<\/div>\t\t\t<\/div>\r\n\r\n\t\t\t\t    <\/div>\r\n\t\t\t\t\t\t\t\t\t\t\r\n\t    \t\t\t\t<\/div>\n\t\t\t\t<\/div>\n\t\t\t\t\t<\/div>\n\t\t<\/div>\n\t\t\t\t\t<\/div>\n\t\t<\/section>\n\t\t\t\t<section class=\"elementor-section elementor-top-section elementor-element elementor-element-06075b1 elementor-section-content-middle elementor-section-boxed elementor-section-height-default elementor-section-height-default\" data-id=\"06075b1\" data-element_type=\"section\" data-e-type=\"section\" data-settings=\"{&quot;background_background&quot;:&quot;classic&quot;}\">\n\t\t\t\t\t\t<div class=\"elementor-container elementor-column-gap-extended\">\n\t\t\t\t\t<div class=\"elementor-column elementor-col-66 elementor-top-column elementor-element elementor-element-fb37e6a ot-flex-column-vertical\" data-id=\"fb37e6a\" data-element_type=\"column\" data-e-type=\"column\">\n\t\t\t<div class=\"elementor-widget-wrap elementor-element-populated\">\n\t\t\t\t\t\t<div class=\"elementor-element elementor-element-015f211 elementor-widget elementor-widget-heading\" data-id=\"015f211\" data-element_type=\"widget\" data-e-type=\"widget\" data-widget_type=\"heading.default\">\n\t\t\t\t\t<h2 class=\"elementor-heading-title elementor-size-default\">Kontaktirajte nas<\/h2>\t\t\t\t<\/div>\n\t\t\t\t<div class=\"elementor-element elementor-element-4edb545 elementor-widget elementor-widget-text-editor\" data-id=\"4edb545\" data-element_type=\"widget\" data-e-type=\"widget\" data-widget_type=\"text-editor.default\">\n\t\t\t\t\t\t\t\t\t<p>Po\u0161aljite upit i dobi\u0107ete brzo i pouzdano re\u0161enje po va\u0161oj meri.<\/p>\t\t\t\t\t\t\t\t<\/div>\n\t\t\t\t\t<\/div>\n\t\t<\/div>\n\t\t\t\t<div class=\"elementor-column elementor-col-33 elementor-top-column elementor-element elementor-element-75452f1 ot-flex-column-vertical\" data-id=\"75452f1\" data-element_type=\"column\" data-e-type=\"column\">\n\t\t\t<div class=\"elementor-widget-wrap elementor-element-populated\">\n\t\t\t\t\t\t<div class=\"elementor-element elementor-element-b916b3a elementor-align-right elementor-mobile-align-center elementor-widget elementor-widget-ibutton\" data-id=\"b916b3a\" data-element_type=\"widget\" data-e-type=\"widget\" data-widget_type=\"ibutton.default\">\n\t\t\t\t<div class=\"elementor-widget-container\">\n\t\t\t\t\t\t\t<div class=\"ot-button\">\r\n\t\t\t<a href=\"https:\/\/www.adurban.rs\/?page_id=2014\" class=\"octf-btn octf-btn-light\">Kontakt<\/a>\r\n\t    <\/div>\r\n\t    \t\t\t\t<\/div>\n\t\t\t\t<\/div>\n\t\t\t\t\t<\/div>\n\t\t<\/div>\n\t\t\t\t\t<\/div>\n\t\t<\/section>\n\t\t\t\t<\/div>\n\t\t","protected":false},"excerpt":{"rendered":"<p>https:\/\/www.adurban.rs\/wp-content\/uploads\/2026\/04\/novi-video-pocetna.mp4 Opis O kompaniji Kompanija sa vi\u0161e od 20 godina iskustva uspe\u0161no se bavi proizvodnjom urbanog i spoljnog mobilijara, nude\u0107i kvalitetna i dugotrajna re\u0161enja prilago\u0111ena savremenim potrebama. Sopstveni proizvodni pogon opremljen je najsavremenijim ma\u0161inama kao \u0161to su: Fiber laser, cnc plazma rezanje, cnc apkant presu 3,2 m, apipong 8 m, cnc makaze 3,2 m, trovaljak [&hellip;]<\/p>\n","protected":false},"author":1,"featured_media":0,"parent":0,"menu_order":0,"comment_status":"closed","ping_status":"closed","template":"","meta":{"footnotes":""},"class_list":["post-320","page","type-page","status-publish","hentry"],"_links":{"self":[{"href":"https:\/\/www.adurban.rs\/index.php?rest_route=\/wp\/v2\/pages\/320","targetHints":{"allow":["GET"]}}],"collection":[{"href":"https:\/\/www.adurban.rs\/index.php?rest_route=\/wp\/v2\/pages"}],"about":[{"href":"https:\/\/www.adurban.rs\/index.php?rest_route=\/wp\/v2\/types\/page"}],"author":[{"embeddable":true,"href":"https:\/\/www.adurban.rs\/index.php?rest_route=\/wp\/v2\/users\/1"}],"replies":[{"embeddable":true,"href":"https:\/\/www.adurban.rs\/index.php?rest_route=%2Fwp%2Fv2%2Fcomments&post=320"}],"version-history":[{"count":169,"href":"https:\/\/www.adurban.rs\/index.php?rest_route=\/wp\/v2\/pages\/320\/revisions"}],"predecessor-version":[{"id":6191,"href":"https:\/\/www.adurban.rs\/index.php?rest_route=\/wp\/v2\/pages\/320\/revisions\/6191"}],"wp:attachment":[{"href":"https:\/\/www.adurban.rs\/index.php?rest_route=%2Fwp%2Fv2%2Fmedia&parent=320"}],"curies":[{"name":"wp","href":"https:\/\/api.w.org\/{rel}","templated":true}]}}