{"id":1958,"date":"2020-05-07T08:35:38","date_gmt":"2020-05-07T08:35:38","guid":{"rendered":"http:\/\/localhost\/theratio\/?page_id=1958"},"modified":"2026-04-16T08:29:36","modified_gmt":"2026-04-16T08:29:36","slug":"about-us","status":"publish","type":"page","link":"https:\/\/www.adurban.rs\/?page_id=1958","title":{"rendered":"O nama"},"content":{"rendered":"\t\t<div data-elementor-type=\"wp-page\" data-elementor-id=\"1958\" class=\"elementor elementor-1958\">\n\t\t\t\t\t\t<section class=\"elementor-section elementor-top-section elementor-element elementor-element-bdd9939 elementor-section-content-middle elementor-section-boxed elementor-section-height-default elementor-section-height-default\" data-id=\"bdd9939\" data-element_type=\"section\" data-e-type=\"section\">\n\t\t\t\t\t\t<div class=\"elementor-container elementor-column-gap-extended\">\n\t\t\t\t\t<div class=\"elementor-column elementor-col-50 elementor-top-column elementor-element elementor-element-12b070d ot-flex-column-vertical\" data-id=\"12b070d\" data-element_type=\"column\" data-e-type=\"column\">\n\t\t\t<div class=\"elementor-widget-wrap elementor-element-populated\">\n\t\t\t\t\t\t<div class=\"elementor-element elementor-element-dc72fbb elementor-widget elementor-widget-video\" data-id=\"dc72fbb\" data-element_type=\"widget\" data-e-type=\"widget\" data-settings=\"{&quot;video_type&quot;:&quot;hosted&quot;,&quot;autoplay&quot;:&quot;yes&quot;,&quot;play_on_mobile&quot;:&quot;yes&quot;,&quot;mute&quot;:&quot;yes&quot;,&quot;controls&quot;:&quot;yes&quot;}\" data-widget_type=\"video.default\">\n\t\t\t\t\t\t\t<div class=\"e-hosted-video elementor-wrapper elementor-open-inline\">\n\t\t\t\t\t<video class=\"elementor-video\" src=\"https:\/\/www.adurban.rs\/wp-content\/uploads\/2026\/04\/video-za-o-nama.mp4\" autoplay=\"\" controls=\"\" muted=\"muted\" playsinline=\"\"><\/video>\n\t\t\t\t<\/div>\n\t\t\t\t\t\t<\/div>\n\t\t\t\t\t<\/div>\n\t\t<\/div>\n\t\t\t\t<div class=\"elementor-column elementor-col-50 elementor-top-column elementor-element elementor-element-c955026 ot-flex-column-vertical\" data-id=\"c955026\" data-element_type=\"column\" data-e-type=\"column\">\n\t\t\t<div class=\"elementor-widget-wrap elementor-element-populated\">\n\t\t\t\t\t\t<div class=\"elementor-element elementor-element-94474d6 elementor-widget elementor-widget-iheading\" data-id=\"94474d6\" data-element_type=\"widget\" data-e-type=\"widget\" data-widget_type=\"iheading.default\">\n\t\t\t\t<div class=\"elementor-widget-container\">\n\t\t\t\t\t\t\t<div class=\"ot-heading is-dots\">\r\n\t        <span>opis<\/span>\t        <h2 class=\"main-heading\">O kompaniji<\/h2>\t    <\/div>\r\n\t    \t\t\t\t<\/div>\n\t\t\t\t<\/div>\n\t\t\t\t<div class=\"elementor-element elementor-element-4408703 elementor-widget elementor-widget-text-editor\" data-id=\"4408703\" data-element_type=\"widget\" data-e-type=\"widget\" data-widget_type=\"text-editor.default\">\n\t\t\t\t\t\t\t\t\t<p data-start=\"0\" data-end=\"368\">Kompanija sa vi\u0161e od 20 godina iskustva uspe\u0161no se bavi projektovanjem i proizvodnjom urbanog i spoljnog mobilijara, nude\u0107i pouzdana, funkcionalna i estetski prilago\u0111ena re\u0161enja savremenim potrebama tr\u017ei\u0161ta. Dugogodi\u0161nje prisustvo u industriji potvr\u0111uje kvalitet rada, posve\u0107enost detaljima i sposobnost da se odgovori na zahteve kako manjih, tako i velikih projekata.<\/p><p data-start=\"370\" data-end=\"957\">Sopstveni proizvodni pogon opremljen je savremenom tehnologijom koja omogu\u0107ava potpunu kontrolu nad svim fazama proizvodnje \u2013 od ideje i dizajna do finalne realizacije. U okviru proizvodnje koriste se napredne ma\u0161ine poput fiber lasera za precizno se\u010denje metala, CNC plazme, CNC apkant presa du\u017eine 3,2 m za savijanje, kao i industrijskih sistema za obradu velikih formata poput Apipong ma\u0161ine du\u017eine 8 m. Dodatno, proizvodni kapacitet uklju\u010duje CNC makaze za se\u010denje lima, trovaljak za rolovanje lima du\u017eine 3,2 m, kao i vi\u0161e CNC rutera za obradu materijala poput alubonda i HPL plo\u010da.<\/p><p data-start=\"959\" data-end=\"1468\">Pored obrade metala i kompozitnih materijala, kompanija poseduje i liniju za plastifikaciju metala, \u010dime se obezbe\u0111uje dugotrajna za\u0161tita i vrhunska zavr\u0161na obrada proizvoda. U ponudi su i usluge termooblikovanja (termoformiranja), koje omogu\u0107avaju izradu slo\u017eenih i vizuelno atraktivnih elemenata. Poseban segment \u010dini direktna \u0161tampa na razli\u010ditim materijalima, \u010dime se posti\u017ee visok nivo personalizacije mobilijara, kao i kompletna re\u0161enja za obele\u017eavanje i brendiranje hotela, poslovnih i drugih objekata.<\/p><p data-start=\"1470\" data-end=\"1705\" data-is-last-node=\"\" data-is-only-node=\"\">Zahvaljuju\u0107i \u0161irokom spektru tehnologija i stru\u010dnom timu, kompanija je u mogu\u0107nosti da realizuje projekte po meri klijenata \u2013 od standardnih proizvoda do potpuno unikatnih re\u0161enja, uz garantovan kvalitet, preciznost i dug vek trajanja.<\/p>\t\t\t\t\t\t\t\t<\/div>\n\t\t\t\t<div class=\"elementor-element elementor-element-f73b984 elementor-widget elementor-widget-ibutton\" data-id=\"f73b984\" data-element_type=\"widget\" data-e-type=\"widget\" data-widget_type=\"ibutton.default\">\n\t\t\t\t<div class=\"elementor-widget-container\">\n\t\t\t\t\t\t\t<div class=\"ot-button\">\r\n\t\t\t<a href=\"https:\/\/www.adurban.rs\/?page_id=4249\" class=\"octf-btn octf-btn-dark\">Pogledaj proizvode<\/a>\r\n\t    <\/div>\r\n\t    \t\t\t\t<\/div>\n\t\t\t\t<\/div>\n\t\t\t\t\t<\/div>\n\t\t<\/div>\n\t\t\t\t\t<\/div>\n\t\t<\/section>\n\t\t\t\t<section class=\"elementor-section elementor-top-section elementor-element elementor-element-a885e6e elementor-section-boxed elementor-section-height-default elementor-section-height-default\" data-id=\"a885e6e\" data-element_type=\"section\" data-e-type=\"section\" data-settings=\"{&quot;background_background&quot;:&quot;classic&quot;}\">\n\t\t\t\t\t\t<div class=\"elementor-container elementor-column-gap-default\">\n\t\t\t\t\t<div class=\"elementor-column elementor-col-100 elementor-top-column elementor-element elementor-element-80dda1e ot-flex-column-vertical\" data-id=\"80dda1e\" data-element_type=\"column\" data-e-type=\"column\">\n\t\t\t<div class=\"elementor-widget-wrap elementor-element-populated\">\n\t\t\t\t\t\t<div class=\"elementor-element elementor-element-04ddae5 theratio-align-center elementor-widget elementor-widget-iheading\" data-id=\"04ddae5\" data-element_type=\"widget\" data-e-type=\"widget\" data-widget_type=\"iheading.default\">\n\t\t\t\t<div class=\"elementor-widget-container\">\n\t\t\t\t\t\t\t<div class=\"ot-heading is-dots\">\r\n\t        <span>O nama<\/span>\t        <h2 class=\"main-heading\">Na\u0161a kompanija<\/h2>\t    <\/div>\r\n\t    \t\t\t\t<\/div>\n\t\t\t\t<\/div>\n\t\t\t\t<section class=\"elementor-section elementor-inner-section elementor-element elementor-element-b820fc7 elementor-section-full_width elementor-section-height-default elementor-section-height-default\" data-id=\"b820fc7\" data-element_type=\"section\" data-e-type=\"section\">\n\t\t\t\t\t\t<div class=\"elementor-container elementor-column-gap-extended\">\n\t\t\t\t\t<div class=\"elementor-column elementor-col-50 elementor-inner-column elementor-element elementor-element-33a2c31 ot-flex-column-vertical\" data-id=\"33a2c31\" data-element_type=\"column\" data-e-type=\"column\">\n\t\t\t<div class=\"elementor-widget-wrap elementor-element-populated\">\n\t\t\t\t\t\t<div class=\"elementor-element elementor-element-43416c5 elementor-widget elementor-widget-iflip_box\" data-id=\"43416c5\" data-element_type=\"widget\" data-e-type=\"widget\" data-widget_type=\"iflip_box.default\">\n\t\t\t\t<div class=\"elementor-widget-container\">\n\t\t\t\t\t\r\n\t\t<div class=\"support-box\">\r\n\t\t\t<div class=\"inner-box\">\r\n\t\t\t\t<div class=\"overlay flex-middle\">\r\n\t\t\t\t\t<div class=\"inner\">\r\n\t\t\t\t\t\t<p>Na\u0161a misija je da kroz spoj dizajna, tehnologije i vrhunske izrade stvaramo re\u0161enja koja ostavljaju sna\u017ean i dugotrajan utisak. Posve\u0107eni smo kvalitetu, preciznosti i inovacijama, uz fokus na potrebe klijenata i funkcionalnost svakog proizvoda.<\/p>\r\n\t\t\t\t\t<\/div>\r\n\t\t\t\t<\/div>\r\n\t\t\t\t<div class=\"content-box\">\r\n\t\t\t\t\t<div class=\"icon-title\">\r\n\t\t\t\t        \t\t\t\t        <span class=\"ot-flaticon-brickwall\"><\/span>\t\t\t\t        <h5 class=\"support-box-title\">Na\u0161a misija<\/h5>\t\t\t        <\/div>\r\n\t\t\t\t\t<img fetchpriority=\"high\" decoding=\"async\" width=\"2560\" height=\"2560\" src=\"https:\/\/www.adurban.rs\/wp-content\/uploads\/2026\/04\/1776267683521347-scaled.png\" class=\"attachment-full size-full wp-image-6131\" alt=\"\" srcset=\"https:\/\/www.adurban.rs\/wp-content\/uploads\/2026\/04\/1776267683521347-scaled.png 2560w, https:\/\/www.adurban.rs\/wp-content\/uploads\/2026\/04\/1776267683521347-300x300.png 300w, https:\/\/www.adurban.rs\/wp-content\/uploads\/2026\/04\/1776267683521347-1024x1024.png 1024w, https:\/\/www.adurban.rs\/wp-content\/uploads\/2026\/04\/1776267683521347-150x150.png 150w, https:\/\/www.adurban.rs\/wp-content\/uploads\/2026\/04\/1776267683521347-768x768.png 768w, https:\/\/www.adurban.rs\/wp-content\/uploads\/2026\/04\/1776267683521347-1536x1536.png 1536w, https:\/\/www.adurban.rs\/wp-content\/uploads\/2026\/04\/1776267683521347-2048x2048.png 2048w, https:\/\/www.adurban.rs\/wp-content\/uploads\/2026\/04\/1776267683521347-720x720.png 720w\" sizes=\"(max-width: 2560px) 100vw, 2560px\" \/>\t\t\t\t<\/div>\r\n\t\t\t<\/div>\r\n\t    <\/div>\r\n\r\n\t    \t\t\t\t<\/div>\n\t\t\t\t<\/div>\n\t\t\t\t\t<\/div>\n\t\t<\/div>\n\t\t\t\t<div class=\"elementor-column elementor-col-50 elementor-inner-column elementor-element elementor-element-d8acae6 ot-flex-column-vertical\" data-id=\"d8acae6\" data-element_type=\"column\" data-e-type=\"column\">\n\t\t\t<div class=\"elementor-widget-wrap elementor-element-populated\">\n\t\t\t\t\t\t<div class=\"elementor-element elementor-element-670ad0b elementor-widget elementor-widget-iflip_box\" data-id=\"670ad0b\" data-element_type=\"widget\" data-e-type=\"widget\" data-widget_type=\"iflip_box.default\">\n\t\t\t\t<div class=\"elementor-widget-container\">\n\t\t\t\t\t\r\n\t\t<div class=\"support-box\">\r\n\t\t\t<div class=\"inner-box\">\r\n\t\t\t\t<div class=\"overlay flex-middle\">\r\n\t\t\t\t\t<div class=\"inner\">\r\n\t\t\t\t\t\t<p>Te\u017eimo da budemo pouzdan partner prepoznatljiv po kvalitetu, kreativnosti i profesionalnom pristupu. Kroz saradnju sa kompanijama iz razlicitih industrija i arhitektama, kontinuirano \u0161irimo granice primene dizajna u prostoru. Na\u0161 cilj je da svaki projekat pretvorimo u uspe\u0161nu pricu \u2014 spoj estetike, funkcionalnosti i dugotrajnosti.<\/p>\r\n\t\t\t\t\t<\/div>\r\n\t\t\t\t<\/div>\r\n\t\t\t\t<div class=\"content-box\">\r\n\t\t\t\t\t<div class=\"icon-title\">\r\n\t\t\t\t        \t\t\t\t        <span class=\"ot-flaticon-paint\"><\/span>\t\t\t\t        <h5 class=\"support-box-title\">Na\u0161a vizija<\/h5>\t\t\t        <\/div>\r\n\t\t\t\t\t<img decoding=\"async\" width=\"2560\" height=\"2560\" src=\"https:\/\/www.adurban.rs\/wp-content\/uploads\/2026\/04\/1776267780485728-scaled.png\" class=\"attachment-full size-full wp-image-6132\" alt=\"\" srcset=\"https:\/\/www.adurban.rs\/wp-content\/uploads\/2026\/04\/1776267780485728-scaled.png 2560w, https:\/\/www.adurban.rs\/wp-content\/uploads\/2026\/04\/1776267780485728-300x300.png 300w, https:\/\/www.adurban.rs\/wp-content\/uploads\/2026\/04\/1776267780485728-1024x1024.png 1024w, https:\/\/www.adurban.rs\/wp-content\/uploads\/2026\/04\/1776267780485728-150x150.png 150w, https:\/\/www.adurban.rs\/wp-content\/uploads\/2026\/04\/1776267780485728-768x768.png 768w, https:\/\/www.adurban.rs\/wp-content\/uploads\/2026\/04\/1776267780485728-1536x1536.png 1536w, https:\/\/www.adurban.rs\/wp-content\/uploads\/2026\/04\/1776267780485728-2048x2048.png 2048w, https:\/\/www.adurban.rs\/wp-content\/uploads\/2026\/04\/1776267780485728-720x720.png 720w\" sizes=\"(max-width: 2560px) 100vw, 2560px\" \/>\t\t\t\t<\/div>\r\n\t\t\t<\/div>\r\n\t    <\/div>\r\n\r\n\t    \t\t\t\t<\/div>\n\t\t\t\t<\/div>\n\t\t\t\t\t<\/div>\n\t\t<\/div>\n\t\t\t\t\t<\/div>\n\t\t<\/section>\n\t\t\t\t\t<\/div>\n\t\t<\/div>\n\t\t\t\t\t<\/div>\n\t\t<\/section>\n\t\t\t\t<section class=\"elementor-section elementor-top-section elementor-element elementor-element-34bdc736 elementor-section-content-middle elementor-section-boxed elementor-section-height-default elementor-section-height-default\" data-id=\"34bdc736\" data-element_type=\"section\" data-e-type=\"section\" data-settings=\"{&quot;background_background&quot;:&quot;classic&quot;}\">\n\t\t\t\t\t\t<div class=\"elementor-container elementor-column-gap-extended\">\n\t\t\t\t\t<div class=\"elementor-column elementor-col-50 elementor-top-column elementor-element elementor-element-12d5113 ot-flex-column-vertical\" data-id=\"12d5113\" data-element_type=\"column\" data-e-type=\"column\">\n\t\t\t<div class=\"elementor-widget-wrap elementor-element-populated\">\n\t\t\t\t\t\t<div class=\"elementor-element elementor-element-7aebfacc elementor-widget elementor-widget-text-editor\" data-id=\"7aebfacc\" data-element_type=\"widget\" data-e-type=\"widget\" data-widget_type=\"text-editor.default\">\n\t\t\t\t\t\t\t\t\t<p>Everything you can image is <strong>REAL<\/strong>.<\/p>\t\t\t\t\t\t\t\t<\/div>\n\t\t\t\t\t<\/div>\n\t\t<\/div>\n\t\t\t\t<div class=\"elementor-column elementor-col-50 elementor-top-column elementor-element elementor-element-408871f8 ot-flex-column-vertical\" data-id=\"408871f8\" data-element_type=\"column\" data-e-type=\"column\">\n\t\t\t<div class=\"elementor-widget-wrap elementor-element-populated\">\n\t\t\t\t\t\t<div class=\"elementor-element elementor-element-7cb0b42 elementor-position-top elementor-widget elementor-widget-image-box\" data-id=\"7cb0b42\" data-element_type=\"widget\" data-e-type=\"widget\" data-widget_type=\"image-box.default\">\n\t\t\t\t\t<div class=\"elementor-image-box-wrapper\"><figure class=\"elementor-image-box-img\"><img decoding=\"async\" width=\"1600\" height=\"1600\" src=\"https:\/\/www.adurban.rs\/wp-content\/uploads\/2026\/04\/viber_image_2026-04-14_18-10-02-222.png\" class=\"attachment-full size-full wp-image-5570\" alt=\"\" srcset=\"https:\/\/www.adurban.rs\/wp-content\/uploads\/2026\/04\/viber_image_2026-04-14_18-10-02-222.png 1600w, https:\/\/www.adurban.rs\/wp-content\/uploads\/2026\/04\/viber_image_2026-04-14_18-10-02-222-300x300.png 300w, https:\/\/www.adurban.rs\/wp-content\/uploads\/2026\/04\/viber_image_2026-04-14_18-10-02-222-1024x1024.png 1024w, https:\/\/www.adurban.rs\/wp-content\/uploads\/2026\/04\/viber_image_2026-04-14_18-10-02-222-150x150.png 150w, https:\/\/www.adurban.rs\/wp-content\/uploads\/2026\/04\/viber_image_2026-04-14_18-10-02-222-768x768.png 768w, https:\/\/www.adurban.rs\/wp-content\/uploads\/2026\/04\/viber_image_2026-04-14_18-10-02-222-1536x1536.png 1536w, https:\/\/www.adurban.rs\/wp-content\/uploads\/2026\/04\/viber_image_2026-04-14_18-10-02-222-720x720.png 720w\" sizes=\"(max-width: 1600px) 100vw, 1600px\" \/><\/figure><div class=\"elementor-image-box-content\"><h5 class=\"elementor-image-box-title\">Nikola Markovi\u0107<\/h5><p class=\"elementor-image-box-description\">Direktor<\/p><\/div><\/div>\t\t\t\t<\/div>\n\t\t\t\t\t<\/div>\n\t\t<\/div>\n\t\t\t\t\t<\/div>\n\t\t<\/section>\n\t\t\t\t<\/div>\n\t\t","protected":false},"excerpt":{"rendered":"<p>https:\/\/www.adurban.rs\/wp-content\/uploads\/2026\/04\/video-za-o-nama.mp4 opis O kompaniji Kompanija sa vi\u0161e od 20 godina iskustva uspe\u0161no se bavi projektovanjem i proizvodnjom urbanog i spoljnog mobilijara, nude\u0107i pouzdana, funkcionalna i estetski prilago\u0111ena re\u0161enja savremenim potrebama tr\u017ei\u0161ta. Dugogodi\u0161nje prisustvo u industriji potvr\u0111uje kvalitet rada, posve\u0107enost detaljima i sposobnost da se odgovori na zahteve kako manjih, tako i velikih projekata. Sopstveni proizvodni [&hellip;]<\/p>\n","protected":false},"author":1,"featured_media":0,"parent":0,"menu_order":0,"comment_status":"closed","ping_status":"closed","template":"","meta":{"footnotes":""},"class_list":["post-1958","page","type-page","status-publish","hentry"],"_links":{"self":[{"href":"https:\/\/www.adurban.rs\/index.php?rest_route=\/wp\/v2\/pages\/1958","targetHints":{"allow":["GET"]}}],"collection":[{"href":"https:\/\/www.adurban.rs\/index.php?rest_route=\/wp\/v2\/pages"}],"about":[{"href":"https:\/\/www.adurban.rs\/index.php?rest_route=\/wp\/v2\/types\/page"}],"author":[{"embeddable":true,"href":"https:\/\/www.adurban.rs\/index.php?rest_route=\/wp\/v2\/users\/1"}],"replies":[{"embeddable":true,"href":"https:\/\/www.adurban.rs\/index.php?rest_route=%2Fwp%2Fv2%2Fcomments&post=1958"}],"version-history":[{"count":55,"href":"https:\/\/www.adurban.rs\/index.php?rest_route=\/wp\/v2\/pages\/1958\/revisions"}],"predecessor-version":[{"id":6149,"href":"https:\/\/www.adurban.rs\/index.php?rest_route=\/wp\/v2\/pages\/1958\/revisions\/6149"}],"wp:attachment":[{"href":"https:\/\/www.adurban.rs\/index.php?rest_route=%2Fwp%2Fv2%2Fmedia&parent=1958"}],"curies":[{"name":"wp","href":"https:\/\/api.w.org\/{rel}","templated":true}]}}